{"id":91,"date":"2025-12-15T12:06:42","date_gmt":"2025-12-15T12:06:42","guid":{"rendered":"https:\/\/acessosaude.com.br\/20anos\/?page_id=91"},"modified":"2026-03-31T13:07:47","modified_gmt":"2026-03-31T13:07:47","slug":"inicio","status":"publish","type":"page","link":"https:\/\/acessosaude.com.br\/20anos\/","title":{"rendered":"Inicio"},"content":{"rendered":"\t\t<div data-elementor-type=\"wp-page\" data-elementor-id=\"91\" class=\"elementor elementor-91\">\n\t\t\t\t<div class=\"elementor-element elementor-element-27f7d22 e-flex e-con-boxed wpr-particle-no wpr-jarallax-no wpr-parallax-no wpr-sticky-section-no e-con e-parent\" data-id=\"27f7d22\" data-element_type=\"container\" data-e-type=\"container\" data-settings=\"{&quot;background_background&quot;:&quot;slideshow&quot;,&quot;background_slideshow_gallery&quot;:[{&quot;id&quot;:535,&quot;url&quot;:&quot;https:\\\/\\\/acessosaude.com.br\\\/20anos\\\/wp-content\\\/uploads\\\/2026\\\/03\\\/slide.jpg&quot;},{&quot;id&quot;:536,&quot;url&quot;:&quot;https:\\\/\\\/acessosaude.com.br\\\/20anos\\\/wp-content\\\/uploads\\\/2026\\\/03\\\/slide-1.jpg&quot;}],&quot;background_slideshow_slide_duration&quot;:8000,&quot;background_slideshow_slide_transition&quot;:&quot;slide_left&quot;,&quot;background_slideshow_ken_burns&quot;:&quot;yes&quot;,&quot;background_slideshow_loop&quot;:&quot;yes&quot;,&quot;background_slideshow_transition_duration&quot;:500,&quot;background_slideshow_ken_burns_zoom_direction&quot;:&quot;in&quot;}\">\n\t\t\t\t\t<div class=\"e-con-inner\">\n\t\t\t\t<div class=\"elementor-element elementor-element-490a319 elementor-widget-mobile__width-initial elementor-widget elementor-widget-image\" data-id=\"490a319\" data-element_type=\"widget\" data-e-type=\"widget\" data-widget_type=\"image.default\">\n\t\t\t\t\t\t\t\t\t\t\t\t\t\t\t<img fetchpriority=\"high\" decoding=\"async\" width=\"732\" height=\"160\" src=\"https:\/\/acessosaude.com.br\/20anos\/wp-content\/uploads\/2026\/03\/logosite20anos.png\" class=\"attachment-large size-large wp-image-414\" alt=\"\" srcset=\"https:\/\/acessosaude.com.br\/20anos\/wp-content\/uploads\/2026\/03\/logosite20anos.png 732w, https:\/\/acessosaude.com.br\/20anos\/wp-content\/uploads\/2026\/03\/logosite20anos-300x66.png 300w\" sizes=\"(max-width: 732px) 100vw, 732px\" \/>\t\t\t\t\t\t\t\t\t\t\t\t\t\t\t<\/div>\n\t\t\t\t\t<\/div>\n\t\t\t\t<\/div>\n\t\t<div class=\"elementor-element elementor-element-06f6298 e-flex e-con-boxed wpr-particle-no wpr-jarallax-no wpr-parallax-no wpr-sticky-section-no e-con e-parent\" data-id=\"06f6298\" data-element_type=\"container\" data-e-type=\"container\" data-settings=\"{&quot;background_background&quot;:&quot;classic&quot;}\">\n\t\t\t\t\t<div class=\"e-con-inner\">\n\t\t\t\t<div class=\"elementor-element elementor-element-40f6af1 elementor-widget-mobile__width-initial elementor-widget elementor-widget-heading\" data-id=\"40f6af1\" data-element_type=\"widget\" data-e-type=\"widget\" data-widget_type=\"heading.default\">\n\t\t\t\t\t<h2 class=\"elementor-heading-title elementor-size-default\">Em 2006, nasceu um prop\u00f3sito transformador: acolher e cuidar de pessoas.<\/h2>\t\t\t\t<\/div>\n\t\t\t\t\t<\/div>\n\t\t\t\t<\/div>\n\t\t<div class=\"elementor-element elementor-element-731067a e-flex e-con-boxed wpr-particle-no wpr-jarallax-no wpr-parallax-no wpr-sticky-section-no e-con e-parent\" data-id=\"731067a\" data-element_type=\"container\" data-e-type=\"container\" data-settings=\"{&quot;background_background&quot;:&quot;classic&quot;}\">\n\t\t\t\t\t<div class=\"e-con-inner\">\n\t\t<div class=\"elementor-element elementor-element-5cb7977 e-con-full e-flex wpr-particle-no wpr-jarallax-no wpr-parallax-no wpr-sticky-section-no e-con e-child\" data-id=\"5cb7977\" data-element_type=\"container\" data-e-type=\"container\">\n\t\t\t\t<div class=\"elementor-element elementor-element-5d80133 elementor-widget elementor-widget-image\" data-id=\"5d80133\" data-element_type=\"widget\" data-e-type=\"widget\" data-widget_type=\"image.default\">\n\t\t\t\t\t\t\t\t\t\t\t\t\t\t\t<img decoding=\"async\" width=\"576\" height=\"542\" src=\"https:\/\/acessosaude.com.br\/20anos\/wp-content\/uploads\/2026\/03\/braecris-2.png\" class=\"attachment-large size-large wp-image-486\" alt=\"\" srcset=\"https:\/\/acessosaude.com.br\/20anos\/wp-content\/uploads\/2026\/03\/braecris-2.png 576w, https:\/\/acessosaude.com.br\/20anos\/wp-content\/uploads\/2026\/03\/braecris-2-300x282.png 300w\" sizes=\"(max-width: 576px) 100vw, 576px\" \/>\t\t\t\t\t\t\t\t\t\t\t\t\t\t\t<\/div>\n\t\t\t\t<\/div>\n\t\t<div class=\"elementor-element elementor-element-ba99bc5 e-con-full e-flex wpr-particle-no wpr-jarallax-no wpr-parallax-no wpr-sticky-section-no e-con e-child\" data-id=\"ba99bc5\" data-element_type=\"container\" data-e-type=\"container\">\n\t\t\t\t<div class=\"elementor-element elementor-element-c1d0ea7 elementor-widget-mobile__width-initial elementor-widget elementor-widget-text-editor\" data-id=\"c1d0ea7\" data-element_type=\"widget\" data-e-type=\"widget\" data-widget_type=\"text-editor.default\">\n\t\t\t\t\t\t\t\t\t<p>Foi esse prop\u00f3sito que guiou cada decis\u00e3o, cada parceria, cada atendimento, cada vida tocada pela Acesso Sa\u00fade ao longo dessa caminhada. Ao longo de duas d\u00e9cadas, crescemos, inovamos e expandimos, sem nunca perder nossa ess\u00eancia: acolher e cuidar.<\/p><p>Nossa hist\u00f3ria \u00e9 constru\u00edda com trabalho, dedica\u00e7\u00e3o e compromisso com a sa\u00fade preventiva e o acesso humanizado.<\/p><p>Hoje, comemoramos n\u00e3o apenas duas d\u00e9cadas de exist\u00eancia. Celebramos um legado constru\u00eddo com gratid\u00e3o. Gratid\u00e3o \u00e0s equipes, aos parceiros, \u00e0s fam\u00edlias, aos clientes.<\/p><p>A miss\u00e3o continua viva: promover sa\u00fade com humanidade, proximidade e acolhimento. E seguimos em frente, guiados por Deus, porque sabemos que o nosso legado est\u00e1 apenas come\u00e7ando.<\/p>\t\t\t\t\t\t\t\t<\/div>\n\t\t\t\t<\/div>\n\t\t\t\t\t<\/div>\n\t\t\t\t<\/div>\n\t\t<div class=\"elementor-element elementor-element-2b95f17 e-flex e-con-boxed wpr-particle-no wpr-jarallax-no wpr-parallax-no wpr-sticky-section-no e-con e-parent\" data-id=\"2b95f17\" data-element_type=\"container\" data-e-type=\"container\" data-settings=\"{&quot;background_background&quot;:&quot;classic&quot;}\">\n\t\t\t\t\t<div class=\"e-con-inner\">\n\t\t\t\t<div class=\"elementor-element elementor-element-a65e811 elementor-widget-mobile__width-initial elementor-widget elementor-widget-heading\" data-id=\"a65e811\" data-element_type=\"widget\" data-e-type=\"widget\" data-widget_type=\"heading.default\">\n\t\t\t\t\t<h2 class=\"elementor-heading-title elementor-size-default\">Linha do tempo<\/h2>\t\t\t\t<\/div>\n\t\t\t\t\t<\/div>\n\t\t\t\t<\/div>\n\t\t<div class=\"elementor-element elementor-element-fefdd5d e-flex e-con-boxed wpr-particle-no wpr-jarallax-no wpr-parallax-no wpr-sticky-section-no e-con e-parent\" data-id=\"fefdd5d\" data-element_type=\"container\" data-e-type=\"container\" data-settings=\"{&quot;background_background&quot;:&quot;classic&quot;}\">\n\t\t\t\t\t<div class=\"e-con-inner\">\n\t\t\t\t<div class=\"elementor-element elementor-element-d263e65 elementor-widget elementor-widget-be-timeline\" data-id=\"d263e65\" data-element_type=\"widget\" data-e-type=\"widget\" data-widget_type=\"be-timeline.default\">\n\t\t\t\t<div class=\"elementor-widget-container\">\n\t\t\t\t\t<ul class=\"be-pack timeline \"><li class=\"timeline-right\"> \n\t\t\t<div class=\"tl-circ\"><\/div>\n\t\t <div class=\"timeline-panel\">\n\t\t   <div class=\"tl-heading\">\n\t\t\t <div class=\"tl-content\">\n\n\t\t\t    \n\t\t\t\t\t\t<div class=\"timeline_pic pull-left\"><img decoding=\"async\" width=\"169\" height=\"165\" src=\"https:\/\/acessosaude.com.br\/20anos\/wp-content\/uploads\/2026\/03\/1-1.png\" class=\"attachment-medium size-medium wp-image-431\" \/><\/div>\n\t\t\t\t\t\t<div class=\"be-desc\">\n\t\t\t\t\t\t\t<h2 class=\"be-title\">2006<\/h2>\t\t\t\t\t\t\t<div class=\"be-content\"><p>Funda\u00e7\u00e3o na Cidade de Colombo\/PR sede pr\u00f3pria.<\/p><\/div>\t\t\t\t\t\t<\/div>\n\n\t\t\t\t\t\n\t\t\t\t<\/div>\n\n\t\t\t<\/div>\n\t\t<\/div>\n\t\t\t<\/li>\n\t\t\t<li class=\"timeline-inverted\"> \n\t\t\t<div class=\"tl-circ\"><\/div>\n\t\t <div class=\"timeline-panel\">\n\t\t   <div class=\"tl-heading\">\n\t\t\t <div class=\"tl-content\">\n\n\t\t\t    \n\t\t\t\t\t\t<div class=\"timeline_pic pull-left\"><img loading=\"lazy\" decoding=\"async\" width=\"169\" height=\"165\" src=\"https:\/\/acessosaude.com.br\/20anos\/wp-content\/uploads\/2026\/03\/2.png\" class=\"attachment-medium size-medium wp-image-439\" \/><\/div>\n\t\t\t\t\t\t<div class=\"be-desc\">\n\t\t\t\t\t\t\t<h2 class=\"be-title\">2008<\/h2>\t\t\t\t\t\t\t<div class=\"be-content\"><p>Processo de Expans\u00e3o do Franchising da Rede<\/p><\/div>\t\t\t\t\t\t<\/div>\n\n\t\t\t\t\t\n\t\t\t\t<\/div>\n\n\t\t\t<\/div>\n\t\t<\/div>\n\t\t\t<\/li>\n\t\t\t<li class=\"timeline-right\"> \n\t\t\t<div class=\"tl-circ\"><\/div>\n\t\t <div class=\"timeline-panel\">\n\t\t   <div class=\"tl-heading\">\n\t\t\t <div class=\"tl-content\">\n\n\t\t\t    \n\t\t\t\t\t\t<div class=\"timeline_pic pull-left\"><img loading=\"lazy\" decoding=\"async\" width=\"169\" height=\"165\" src=\"https:\/\/acessosaude.com.br\/20anos\/wp-content\/uploads\/2026\/03\/3.png\" class=\"attachment-medium size-medium wp-image-433\" \/><\/div>\n\t\t\t\t\t\t<div class=\"be-desc\">\n\t\t\t\t\t\t\t<h2 class=\"be-title\">2012<\/h2>\t\t\t\t\t\t\t<div class=\"be-content\"><p>Associamos a ABF Associa\u00e7\u00e3o Brasileira de Franchising<\/p><\/div>\t\t\t\t\t\t<\/div>\n\n\t\t\t\t\t\n\t\t\t\t<\/div>\n\n\t\t\t<\/div>\n\t\t<\/div>\n\t\t\t<\/li>\n\t\t\t<li class=\"timeline-inverted\"> \n\t\t\t<div class=\"tl-circ\"><\/div>\n\t\t <div class=\"timeline-panel\">\n\t\t   <div class=\"tl-heading\">\n\t\t\t <div class=\"tl-content\">\n\n\t\t\t    \n\t\t\t\t\t\t<div class=\"timeline_pic pull-left\"><img loading=\"lazy\" decoding=\"async\" width=\"169\" height=\"165\" src=\"https:\/\/acessosaude.com.br\/20anos\/wp-content\/uploads\/2026\/03\/4.png\" class=\"attachment-medium size-medium wp-image-438\" \/><\/div>\n\t\t\t\t\t\t<div class=\"be-desc\">\n\t\t\t\t\t\t\t<h2 class=\"be-title\">2016<\/h2>\t\t\t\t\t\t\t<div class=\"be-content\"><p>Chegamos \u00e0 marca de <strong>1.000.000<\/strong> de atendimentos<\/p><\/div>\t\t\t\t\t\t<\/div>\n\n\t\t\t\t\t\n\t\t\t\t<\/div>\n\n\t\t\t<\/div>\n\t\t<\/div>\n\t\t\t<\/li>\n\t\t\t<li class=\"timeline-right\"> \n\t\t\t<div class=\"tl-circ\"><\/div>\n\t\t <div class=\"timeline-panel\">\n\t\t   <div class=\"tl-heading\">\n\t\t\t <div class=\"tl-content\">\n\n\t\t\t    \n\t\t\t\t\t\t<div class=\"timeline_pic pull-left\"><img loading=\"lazy\" decoding=\"async\" width=\"169\" height=\"165\" src=\"https:\/\/acessosaude.com.br\/20anos\/wp-content\/uploads\/2026\/03\/6.png\" class=\"attachment-medium size-medium wp-image-441\" \/><\/div>\n\t\t\t\t\t\t<div class=\"be-desc\">\n\t\t\t\t\t\t\t<h2 class=\"be-title\">2018<\/h2>\t\t\t\t\t\t\t<div class=\"be-content\"><p>Chegamos a <strong>8.000.000<\/strong> de atendimentos<\/p><\/div>\t\t\t\t\t\t<\/div>\n\n\t\t\t\t\t\n\t\t\t\t<\/div>\n\n\t\t\t<\/div>\n\t\t<\/div>\n\t\t\t<\/li>\n\t\t\t<li class=\"timeline-inverted\"> \n\t\t\t<div class=\"tl-circ\"><\/div>\n\t\t <div class=\"timeline-panel\">\n\t\t   <div class=\"tl-heading\">\n\t\t\t <div class=\"tl-content\">\n\n\t\t\t    \n\t\t\t\t\t\t<div class=\"timeline_pic pull-left\"><img loading=\"lazy\" decoding=\"async\" width=\"169\" height=\"165\" src=\"https:\/\/acessosaude.com.br\/20anos\/wp-content\/uploads\/2026\/03\/7.png\" class=\"attachment-medium size-medium wp-image-442\" \/><\/div>\n\t\t\t\t\t\t<div class=\"be-desc\">\n\t\t\t\t\t\t\t<h2 class=\"be-title\">2019<\/h2>\t\t\t\t\t\t\t<div class=\"be-content\"><p>Estamos presentes em <strong>10 estados do Brasil<\/strong><\/p><\/div>\t\t\t\t\t\t<\/div>\n\n\t\t\t\t\t\n\t\t\t\t<\/div>\n\n\t\t\t<\/div>\n\t\t<\/div>\n\t\t\t<\/li>\n\t\t\t<li class=\"timeline-right\"> \n\t\t\t<div class=\"tl-circ\"><\/div>\n\t\t <div class=\"timeline-panel\">\n\t\t   <div class=\"tl-heading\">\n\t\t\t <div class=\"tl-content\">\n\n\t\t\t    \n\t\t\t\t\t\t<div class=\"timeline_pic pull-left\"><img loading=\"lazy\" decoding=\"async\" width=\"169\" height=\"165\" src=\"https:\/\/acessosaude.com.br\/20anos\/wp-content\/uploads\/2026\/03\/8.png\" class=\"attachment-medium size-medium wp-image-443\" \/><\/div>\n\t\t\t\t\t\t<div class=\"be-desc\">\n\t\t\t\t\t\t\t<h2 class=\"be-title\">2020<\/h2>\t\t\t\t\t\t\t<div class=\"be-content\"><p>Inauguramos o <strong>Centro de Vacina\u00e7\u00e3o<\/strong><\/p><\/div>\t\t\t\t\t\t<\/div>\n\n\t\t\t\t\t\n\t\t\t\t<\/div>\n\n\t\t\t<\/div>\n\t\t<\/div>\n\t\t\t<\/li>\n\t\t\t<li class=\"timeline-inverted\"> \n\t\t\t<div class=\"tl-circ\"><\/div>\n\t\t <div class=\"timeline-panel\">\n\t\t   <div class=\"tl-heading\">\n\t\t\t <div class=\"tl-content\">\n\n\t\t\t    \n\t\t\t\t\t\t<div class=\"timeline_pic pull-left\"><img loading=\"lazy\" decoding=\"async\" width=\"169\" height=\"165\" src=\"https:\/\/acessosaude.com.br\/20anos\/wp-content\/uploads\/2026\/03\/9.png\" class=\"attachment-medium size-medium wp-image-448\" \/><\/div>\n\t\t\t\t\t\t<div class=\"be-desc\">\n\t\t\t\t\t\t\t<h2 class=\"be-title\">2021<\/h2>\t\t\t\t\t\t\t<div class=\"be-content\"><p>Novo <strong>Sistema<\/strong> Integrado da Rede<\/p><\/div>\t\t\t\t\t\t<\/div>\n\n\t\t\t\t\t\n\t\t\t\t<\/div>\n\n\t\t\t<\/div>\n\t\t<\/div>\n\t\t\t<\/li>\n\t\t\t<li class=\"timeline-right\"> \n\t\t\t<div class=\"tl-circ\"><\/div>\n\t\t <div class=\"timeline-panel\">\n\t\t   <div class=\"tl-heading\">\n\t\t\t <div class=\"tl-content\">\n\n\t\t\t    \n\t\t\t\t\t\t<div class=\"timeline_pic pull-left\"><img loading=\"lazy\" decoding=\"async\" width=\"169\" height=\"165\" src=\"https:\/\/acessosaude.com.br\/20anos\/wp-content\/uploads\/2026\/03\/10.png\" class=\"attachment-medium size-medium wp-image-454\" \/><\/div>\n\t\t\t\t\t\t<div class=\"be-desc\">\n\t\t\t\t\t\t\t<h2 class=\"be-title\">2022<\/h2>\t\t\t\t\t\t\t<div class=\"be-content\"><p>Selo da <strong>Excel\u00eancia ABF +Forte<\/strong> (Categoria S\u00eanior)<\/p><\/div>\t\t\t\t\t\t<\/div>\n\n\t\t\t\t\t\n\t\t\t\t<\/div>\n\n\t\t\t<\/div>\n\t\t<\/div>\n\t\t\t<\/li>\n\t\t\t<li class=\"timeline-inverted\"> \n\t\t\t<div class=\"tl-circ\"><\/div>\n\t\t <div class=\"timeline-panel\">\n\t\t   <div class=\"tl-heading\">\n\t\t\t <div class=\"tl-content\">\n\n\t\t\t    \n\t\t\t\t\t\t<div class=\"timeline_pic pull-left\"><img loading=\"lazy\" decoding=\"async\" width=\"169\" height=\"165\" src=\"https:\/\/acessosaude.com.br\/20anos\/wp-content\/uploads\/2026\/03\/11.png\" class=\"attachment-medium size-medium wp-image-459\" \/><\/div>\n\t\t\t\t\t\t<div class=\"be-desc\">\n\t\t\t\t\t\t\t<h2 class=\"be-title\">2023<\/h2>\t\t\t\t\t\t\t<div class=\"be-content\"><p>Selo da e Excel\u00eancia <strong>ABF+ Top of Mind<\/strong><\/p><\/div>\t\t\t\t\t\t<\/div>\n\n\t\t\t\t\t\n\t\t\t\t<\/div>\n\n\t\t\t<\/div>\n\t\t<\/div>\n\t\t\t<\/li>\n\t\t\t<li class=\"timeline-right\"> \n\t\t\t<div class=\"tl-circ\"><\/div>\n\t\t <div class=\"timeline-panel\">\n\t\t   <div class=\"tl-heading\">\n\t\t\t <div class=\"tl-content\">\n\n\t\t\t    \n\t\t\t\t\t\t<div class=\"timeline_pic pull-left\"><img decoding=\"async\" width=\"169\" height=\"165\" src=\"https:\/\/acessosaude.com.br\/20anos\/wp-content\/uploads\/2026\/03\/1-1.png\" class=\"attachment-medium size-medium wp-image-431\" \/><\/div>\n\t\t\t\t\t\t<div class=\"be-desc\">\n\t\t\t\t\t\t\t<h2 class=\"be-title\">2026<\/h2>\t\t\t\t\t\t\t<div class=\"be-content\"><p>Inaugura\u00e7\u00e3o da <strong>Unidade de Excel\u00eancia<\/strong> <strong>em Sa\u00fade<\/strong> <br \/><em>previs\u00e3o: julho\/2026.<\/em><\/p><\/div>\t\t\t\t\t\t<\/div>\n\n\t\t\t\t\t\n\t\t\t\t<\/div>\n\n\t\t\t<\/div>\n\t\t<\/div>\n\t\t\t<\/li>\n\t\t\t \n      <\/ul>\n\n\t\t\t\t\t<\/div>\n\t\t\t\t<\/div>\n\t\t\t\t\t<\/div>\n\t\t\t\t<\/div>\n\t\t<div class=\"elementor-element elementor-element-5a049c0 e-flex e-con-boxed wpr-particle-no wpr-jarallax-no wpr-parallax-no wpr-sticky-section-no e-con e-parent\" data-id=\"5a049c0\" data-element_type=\"container\" data-e-type=\"container\" data-settings=\"{&quot;background_background&quot;:&quot;classic&quot;}\">\n\t\t\t\t\t<div class=\"e-con-inner\">\n\t\t\t\t<div class=\"elementor-element elementor-element-9a67a9b elementor-widget elementor-widget-html\" data-id=\"9a67a9b\" data-element_type=\"widget\" data-e-type=\"widget\" data-widget_type=\"html.default\">\n\t\t\t\t\t<style>\r\n  .fullwidth-wrapper{\r\n    width:100vw;\r\n    position:relative;\r\n    left:50%;\r\n    right:50%;\r\n    margin-left:-50vw;\r\n    margin-right:-50vw;\r\n  }\r\n\r\n  .box-20-anos{\r\n    position:relative;\r\n    overflow:hidden;\r\n    padding:70px 20px;\r\n    background:linear-gradient(135deg,#2C94B2 0%, ##30A7C9 60%, #1f768f 100%);\r\n    font-family:'Poppins',sans-serif;\r\n  }\r\n\r\n  .box-inner{\r\n    max-width:1200px;\r\n    margin:0 auto;\r\n    text-align:center;\r\n  }\r\n\r\n  .box-20-anos-tag{\r\n    display:inline-block;\r\n    padding:8px 18px;\r\n    border-radius:999px;\r\n    border:1px solid rgba(255,255,255,.4);\r\n    background:rgba(255,255,255,.12);\r\n    color:#fff;\r\n    font-size:13px;\r\n    margin-bottom:20px;\r\n  }\r\n\r\n  .box-20-anos-title{\r\n    color:#ffffff !important;\r\n    font-size:52px;\r\n    font-weight:800;\r\n    margin-bottom:10px;\r\n  }\r\n\r\n  .box-20-anos-subtitle{\r\n    color:#fff !important;\r\n    font-size:18px;\r\n    margin-bottom:40px;\r\n  }\r\n\r\n  .stats{\r\n    display:flex;\r\n    border-radius:24px;\r\n    overflow:hidden;\r\n    border:1px solid rgba(255,255,255,.25);\r\n    background:rgba(255,255,255,.10);\r\n    backdrop-filter:blur(6px);\r\n  }\r\n\r\n  .stat{\r\n    flex:1;\r\n    padding:40px 20px;\r\n  }\r\n\r\n  .divider{\r\n    width:1px;\r\n    background:rgba(255,255,255,.4);\r\n  }\r\n\r\n  .stat-number{\r\n    color:#fff;\r\n    font-size:52px;\r\n    font-weight:800;\r\n  }\r\n\r\n  .stat-label{\r\n    color:#fff;\r\n    font-size:17px;\r\n    margin-top:10px;\r\n  }\r\n\r\n  @media(max-width:768px){\r\n    .box-20-anos{\r\n      padding:40px 15px;\r\n    }\r\n\r\n    .box-20-anos-title{\r\n      font-size:28px;\r\n    }\r\n\r\n    .box-20-anos-subtitle{\r\n      font-size:15px;\r\n      margin-bottom:25px;\r\n    }\r\n\r\n    .stats{\r\n      flex-direction:column;\r\n    }\r\n\r\n    .divider{\r\n      width:100%;\r\n      height:1px;\r\n    }\r\n\r\n    .stat{\r\n      padding:25px 15px;\r\n    }\r\n\r\n    .stat-number{\r\n      font-size:32px;\r\n    }\r\n\r\n    .stat-label{\r\n      font-size:14px;\r\n    }\r\n  }\r\n<\/style>\r\n\r\n<div class=\"fullwidth-wrapper\">\r\n  <section class=\"box-20-anos\">\r\n    <div class=\"box-inner\">\r\n\r\n      <span class=\"box-20-anos-tag\">Momento atual<\/span>\r\n\r\n      <h2 class=\"box-20-anos-title\">\r\n        20 anos transformando o acesso \u00e0 sa\u00fade\r\n      <\/h2>\r\n\r\n      <p class=\"box-20-anos-subtitle\">\r\n        Uma trajet\u00f3ria constru\u00edda com confian\u00e7a, cuidado e milh\u00f5es de hist\u00f3rias atendidas.\r\n      <\/p>\r\n\r\n      <div class=\"stats\">\r\n        <div class=\"stat\">\r\n          <div class=\"stat-number\">15.000.000+<\/div>\r\n          <div class=\"stat-label\">de atendimentos realizados<\/div>\r\n        <\/div>\r\n\r\n        <div class=\"divider\"><\/div>\r\n\r\n        <div class=\"stat\">\r\n          <div class=\"stat-number\">2.500.000+<\/div>\r\n          <div class=\"stat-label\">de clientes ativos<\/div>\r\n        <\/div>\r\n      <\/div>\r\n      \r\n<p><\/p>\r\n<p class=\"box-20-anos-subtitle\">\r\n  <span style=\"font-size:32px; font-weight:bold; color:#FFFFFF;\">\r\n    + de 50 unidades\r\n  <\/span> \r\n  \r\n<p class=\"box-20-anos-subtitle\" style=\"margin-top:-20px;\">\r\n  operando em 16 estados do Brasil\r\n<\/p>\r\n\r\n    <\/div>\r\n  <\/section>\r\n<\/div>\t\t\t\t<\/div>\n\t\t\t\t\t<\/div>\n\t\t\t\t<\/div>\n\t\t<div class=\"elementor-element elementor-element-1275a50 e-flex e-con-boxed wpr-particle-no wpr-jarallax-no wpr-parallax-no wpr-sticky-section-no e-con e-parent\" data-id=\"1275a50\" data-element_type=\"container\" data-e-type=\"container\" data-settings=\"{&quot;background_background&quot;:&quot;classic&quot;}\">\n\t\t\t\t\t<div class=\"e-con-inner\">\n\t\t\t\t<div class=\"elementor-element elementor-element-6369d53 elementor-widget-mobile__width-initial elementor-widget elementor-widget-heading\" data-id=\"6369d53\" data-element_type=\"widget\" data-e-type=\"widget\" data-widget_type=\"heading.default\">\n\t\t\t\t\t<h2 class=\"elementor-heading-title elementor-size-default\">Isso \u00e9 Acesso Sa\u00fade.<\/h2>\t\t\t\t<\/div>\n\t\t\t\t\t<\/div>\n\t\t\t\t<\/div>\n\t\t<div class=\"elementor-element elementor-element-05c1bf5 e-flex e-con-boxed wpr-particle-no wpr-jarallax-no wpr-parallax-no wpr-sticky-section-no e-con e-parent\" data-id=\"05c1bf5\" data-element_type=\"container\" data-e-type=\"container\" data-settings=\"{&quot;background_background&quot;:&quot;classic&quot;}\">\n\t\t\t\t\t<div class=\"e-con-inner\">\n\t\t\t\t<div class=\"elementor-element elementor-element-2eadb5f elementor-widget-mobile__width-initial elementor-widget elementor-widget-video\" data-id=\"2eadb5f\" data-element_type=\"widget\" data-e-type=\"widget\" data-settings=\"{&quot;video_type&quot;:&quot;hosted&quot;,&quot;controls&quot;:&quot;yes&quot;}\" data-widget_type=\"video.default\">\n\t\t\t\t\t\t\t<div class=\"e-hosted-video elementor-wrapper elementor-open-inline\">\n\t\t\t\t\t<video class=\"elementor-video\" src=\"https:\/\/acessosaude.com.br\/20anos\/wp-content\/uploads\/2026\/03\/manifestoembaixa.mp4\" controls=\"\" preload=\"metadata\" controlsList=\"nodownload\"><\/video>\n\t\t\t\t<\/div>\n\t\t\t\t\t\t<\/div>\n\t\t\t\t\t<\/div>\n\t\t\t\t<\/div>\n\t\t<div class=\"elementor-element elementor-element-aa37bf5 e-flex e-con-boxed wpr-particle-no wpr-jarallax-no wpr-parallax-no wpr-sticky-section-no e-con e-parent\" data-id=\"aa37bf5\" data-element_type=\"container\" data-e-type=\"container\" data-settings=\"{&quot;background_background&quot;:&quot;classic&quot;}\">\n\t\t\t\t\t<div class=\"e-con-inner\">\n\t\t\t\t<div class=\"elementor-element elementor-element-aa86c9f elementor-widget-mobile__width-initial elementor-widget elementor-widget-image\" data-id=\"aa86c9f\" data-element_type=\"widget\" data-e-type=\"widget\" data-widget_type=\"image.default\">\n\t\t\t\t\t\t\t\t\t\t\t\t\t\t\t<img loading=\"lazy\" decoding=\"async\" width=\"500\" height=\"650\" src=\"https:\/\/acessosaude.com.br\/20anos\/wp-content\/uploads\/2026\/03\/SELO.png\" class=\"attachment-large size-large wp-image-407\" alt=\"\" srcset=\"https:\/\/acessosaude.com.br\/20anos\/wp-content\/uploads\/2026\/03\/SELO.png 500w, https:\/\/acessosaude.com.br\/20anos\/wp-content\/uploads\/2026\/03\/SELO-231x300.png 231w\" sizes=\"(max-width: 500px) 100vw, 500px\" \/>\t\t\t\t\t\t\t\t\t\t\t\t\t\t\t<\/div>\n\t\t\t\t\t<\/div>\n\t\t\t\t<\/div>\n\t\t\t\t<\/div>\n\t\t","protected":false},"excerpt":{"rendered":"<p>Em 2006, nasceu um prop\u00f3sito transformador: acolher e cuidar de pessoas. Foi esse prop\u00f3sito que guiou cada decis\u00e3o, cada parceria, cada atendimento, cada vida tocada pela Acesso Sa\u00fade ao longo dessa caminhada. Ao longo de duas d\u00e9cadas, crescemos, inovamos e expandimos, sem nunca perder nossa ess\u00eancia: acolher e cuidar. Nossa hist\u00f3ria \u00e9 constru\u00edda com trabalho, dedica\u00e7\u00e3o e compromisso com a sa\u00fade preventiva e o acesso humanizado. Hoje, comemoramos n\u00e3o apenas duas d\u00e9cadas de exist\u00eancia. Celebramos um legado constru\u00eddo com gratid\u00e3o. Gratid\u00e3o \u00e0s equipes, aos parceiros, \u00e0s fam\u00edlias, aos clientes. A miss\u00e3o continua viva: promover sa\u00fade com humanidade, proximidade e acolhimento. E seguimos em frente, guiados por Deus, porque sabemos que o nosso legado est\u00e1 apenas come\u00e7ando. Linha do tempo 2006 Funda\u00e7\u00e3o na Cidade de Colombo\/PR sede pr\u00f3pria. 2008 Processo de Expans\u00e3o do Franchising da Rede 2012 Associamos a ABF Associa\u00e7\u00e3o Brasileira de Franchising 2016 Chegamos \u00e0 marca de 1.000.000 de atendimentos 2018 Chegamos a 8.000.000 de atendimentos 2019 Estamos presentes em 10 estados do Brasil 2020 Inauguramos o Centro de Vacina\u00e7\u00e3o 2021 Novo Sistema Integrado da Rede 2022 Selo da Excel\u00eancia ABF +Forte (Categoria S\u00eanior) 2023 Selo da e Excel\u00eancia ABF+ Top of Mind 2026 Inaugura\u00e7\u00e3o da Unidade de Excel\u00eancia em Sa\u00fade previs\u00e3o: julho\/2026. Momento atual 20 anos transformando o acesso \u00e0 sa\u00fade Uma trajet\u00f3ria constru\u00edda com confian\u00e7a, cuidado e milh\u00f5es de hist\u00f3rias atendidas. 15.000.000+ de atendimentos realizados 2.500.000+ de clientes ativos + de 50 unidades operando em 16 estados do Brasil Isso \u00e9 Acesso Sa\u00fade. https:\/\/acessosaude.com.br\/20anos\/wp-content\/uploads\/2026\/03\/manifestoembaixa.mp4<\/p>\n","protected":false},"author":1,"featured_media":0,"parent":0,"menu_order":0,"comment_status":"closed","ping_status":"closed","template":"elementor_canvas","meta":{"footnotes":""},"class_list":["post-91","page","type-page","status-publish","hentry"],"_links":{"self":[{"href":"https:\/\/acessosaude.com.br\/20anos\/wp-json\/wp\/v2\/pages\/91","targetHints":{"allow":["GET"]}}],"collection":[{"href":"https:\/\/acessosaude.com.br\/20anos\/wp-json\/wp\/v2\/pages"}],"about":[{"href":"https:\/\/acessosaude.com.br\/20anos\/wp-json\/wp\/v2\/types\/page"}],"author":[{"embeddable":true,"href":"https:\/\/acessosaude.com.br\/20anos\/wp-json\/wp\/v2\/users\/1"}],"replies":[{"embeddable":true,"href":"https:\/\/acessosaude.com.br\/20anos\/wp-json\/wp\/v2\/comments?post=91"}],"version-history":[{"count":355,"href":"https:\/\/acessosaude.com.br\/20anos\/wp-json\/wp\/v2\/pages\/91\/revisions"}],"predecessor-version":[{"id":552,"href":"https:\/\/acessosaude.com.br\/20anos\/wp-json\/wp\/v2\/pages\/91\/revisions\/552"}],"wp:attachment":[{"href":"https:\/\/acessosaude.com.br\/20anos\/wp-json\/wp\/v2\/media?parent=91"}],"curies":[{"name":"wp","href":"https:\/\/api.w.org\/{rel}","templated":true}]}}